{"id":3301,"date":"2026-04-06T07:58:42","date_gmt":"2026-04-06T07:58:42","guid":{"rendered":"https:\/\/makingmovies.es\/?page_id=3301"},"modified":"2026-04-06T08:17:58","modified_gmt":"2026-04-06T08:17:58","slug":"golf","status":"publish","type":"page","link":"https:\/\/makingmovies.es\/es\/golf","title":{"rendered":"Golf"},"content":{"rendered":"<div data-elementor-type=\"wp-page\" data-elementor-id=\"3301\" class=\"elementor elementor-3301\">\n\t\t\t\t\t\t<section class=\"elementor-section elementor-top-section elementor-element elementor-element-af97e0f elementor-section-boxed elementor-section-height-default elementor-section-height-default\" data-id=\"af97e0f\" data-element_type=\"section\" data-e-type=\"section\" data-settings=\"{&quot;background_background&quot;:&quot;classic&quot;}\">\n\t\t\t\t\t\t<div class=\"elementor-container elementor-column-gap-default\">\n\t\t\t\t\t<div class=\"elementor-column elementor-col-50 elementor-top-column elementor-element elementor-element-c1372d3\" data-id=\"c1372d3\" data-element_type=\"column\" data-e-type=\"column\">\n\t\t\t<div class=\"elementor-widget-wrap elementor-element-populated\">\n\t\t\t\t\t\t<div class=\"elementor-element elementor-element-85bf180 elementor-widget elementor-widget-heading\" data-id=\"85bf180\" data-element_type=\"widget\" data-e-type=\"widget\" data-widget_type=\"heading.default\">\n\t\t\t\t<div class=\"elementor-widget-container\">\n\t\t\t\t\t<h1 class=\"elementor-heading-title elementor-size-default\">\u201cCuanto m\u00e1s practico,<br>\nm\u00e1s suerte tengo\u201d<\/h1>\t\t\t\t<\/div>\n\t\t\t\t<\/div>\n\t\t\t\t<div class=\"elementor-element elementor-element-a26f7b9 elementor-widget elementor-widget-text-editor\" data-id=\"a26f7b9\" data-element_type=\"widget\" data-e-type=\"widget\" data-widget_type=\"text-editor.default\">\n\t\t\t\t<div class=\"elementor-widget-container\">\n\t\t\t\t\t\t\t\t\tLa reputaci\u00f3n de un gran club no depende de la suerte. Depende de c\u00f3mo se construye y c\u00f3mo se comunica. <strong>Making Movies<\/strong> convierte la esencia del club en una narrativa que posiciona.\t\t\t\t\t\t\t\t<\/div>\n\t\t\t\t<\/div>\n\t\t\t\t<div class=\"elementor-element elementor-element-54cb11a elementor-widget elementor-widget-text-editor\" data-id=\"54cb11a\" data-element_type=\"widget\" data-e-type=\"widget\" data-widget_type=\"text-editor.default\">\n\t\t\t\t<div class=\"elementor-widget-container\">\n\t\t\t\t\t\t\t\t\tComo <strong>Partner Estrat\u00e9gico<\/strong> de la AECG queremos apoyar y ofrecer nuestros servicios a todos los <strong>Campos Asociados<\/strong>:\t\t\t\t\t\t\t\t<\/div>\n\t\t\t\t<\/div>\n\t\t\t\t<section class=\"elementor-section elementor-inner-section elementor-element elementor-element-de1f8b4 elementor-section-boxed elementor-section-height-default elementor-section-height-default\" data-id=\"de1f8b4\" data-element_type=\"section\" data-e-type=\"section\">\n\t\t\t\t\t\t<div class=\"elementor-container elementor-column-gap-default\">\n\t\t\t\t\t<div class=\"elementor-column elementor-col-100 elementor-inner-column elementor-element elementor-element-d8041c6\" data-id=\"d8041c6\" data-element_type=\"column\" data-e-type=\"column\">\n\t\t\t<div class=\"elementor-widget-wrap elementor-element-populated\">\n\t\t\t\t\t\t<div class=\"elementor-element elementor-element-e808e4c elementor-align-left elementor-widget__width-auto elementor-widget elementor-widget-button\" data-id=\"e808e4c\" data-element_type=\"widget\" data-e-type=\"widget\" data-widget_type=\"button.default\">\n\t\t\t\t<div class=\"elementor-widget-container\">\n\t\t\t\t\t\t\t\t\t<div class=\"elementor-button-wrapper\">\n\t\t\t\t\t<a class=\"elementor-button elementor-button-link elementor-size-sm\" href=\"#\">\n\t\t\t\t\t\t<span class=\"elementor-button-content-wrapper\">\n\t\t\t\t\t\t\t\t\t<span class=\"elementor-button-text\">BRANDING<\/span>\n\t\t\t\t\t<\/span>\n\t\t\t\t\t<\/a>\n\t\t\t\t<\/div>\n\t\t\t\t\t\t\t\t<\/div>\n\t\t\t\t<\/div>\n\t\t\t\t<div class=\"elementor-element elementor-element-91fd9b8 elementor-align-left elementor-widget__width-auto elementor-widget elementor-widget-button\" data-id=\"91fd9b8\" data-element_type=\"widget\" data-e-type=\"widget\" data-widget_type=\"button.default\">\n\t\t\t\t<div class=\"elementor-widget-container\">\n\t\t\t\t\t\t\t\t\t<div class=\"elementor-button-wrapper\">\n\t\t\t\t\t<a class=\"elementor-button elementor-button-link elementor-size-sm\" href=\"#\">\n\t\t\t\t\t\t<span class=\"elementor-button-content-wrapper\">\n\t\t\t\t\t\t\t\t\t<span class=\"elementor-button-text\">REDES SOCIALES<\/span>\n\t\t\t\t\t<\/span>\n\t\t\t\t\t<\/a>\n\t\t\t\t<\/div>\n\t\t\t\t\t\t\t\t<\/div>\n\t\t\t\t<\/div>\n\t\t\t\t<div class=\"elementor-element elementor-element-6936543 elementor-align-left elementor-widget__width-auto elementor-widget elementor-widget-button\" data-id=\"6936543\" data-element_type=\"widget\" data-e-type=\"widget\" data-widget_type=\"button.default\">\n\t\t\t\t<div class=\"elementor-widget-container\">\n\t\t\t\t\t\t\t\t\t<div class=\"elementor-button-wrapper\">\n\t\t\t\t\t<a class=\"elementor-button elementor-button-link elementor-size-sm\" href=\"#\">\n\t\t\t\t\t\t<span class=\"elementor-button-content-wrapper\">\n\t\t\t\t\t\t\t\t\t<span class=\"elementor-button-text\">WEB<\/span>\n\t\t\t\t\t<\/span>\n\t\t\t\t\t<\/a>\n\t\t\t\t<\/div>\n\t\t\t\t\t\t\t\t<\/div>\n\t\t\t\t<\/div>\n\t\t\t\t<div class=\"elementor-element elementor-element-ffa895b elementor-align-left elementor-widget__width-auto elementor-widget elementor-widget-button\" data-id=\"ffa895b\" data-element_type=\"widget\" data-e-type=\"widget\" data-widget_type=\"button.default\">\n\t\t\t\t<div class=\"elementor-widget-container\">\n\t\t\t\t\t\t\t\t\t<div class=\"elementor-button-wrapper\">\n\t\t\t\t\t<a class=\"elementor-button elementor-button-link elementor-size-sm\" href=\"#\">\n\t\t\t\t\t\t<span class=\"elementor-button-content-wrapper\">\n\t\t\t\t\t\t\t\t\t<span class=\"elementor-button-text\">MAILING<\/span>\n\t\t\t\t\t<\/span>\n\t\t\t\t\t<\/a>\n\t\t\t\t<\/div>\n\t\t\t\t\t\t\t\t<\/div>\n\t\t\t\t<\/div>\n\t\t\t\t\t<\/div>\n\t\t<\/div>\n\t\t\t\t\t<\/div>\n\t\t<\/section>\n\t\t\t\t<section class=\"elementor-section elementor-inner-section elementor-element elementor-element-b45f783 elementor-section-boxed elementor-section-height-default elementor-section-height-default\" data-id=\"b45f783\" data-element_type=\"section\" data-e-type=\"section\">\n\t\t\t\t\t\t<div class=\"elementor-container elementor-column-gap-default\">\n\t\t\t\t\t<div class=\"elementor-column elementor-col-100 elementor-inner-column elementor-element elementor-element-d770adb\" data-id=\"d770adb\" data-element_type=\"column\" data-e-type=\"column\">\n\t\t\t<div class=\"elementor-widget-wrap elementor-element-populated\">\n\t\t\t\t\t\t<div class=\"elementor-element elementor-element-1ba1a40 elementor-align-left elementor-widget__width-auto elementor-widget elementor-widget-button\" data-id=\"1ba1a40\" data-element_type=\"widget\" data-e-type=\"widget\" data-widget_type=\"button.default\">\n\t\t\t\t<div class=\"elementor-widget-container\">\n\t\t\t\t\t\t\t\t\t<div class=\"elementor-button-wrapper\">\n\t\t\t\t\t<a class=\"elementor-button elementor-button-link elementor-size-sm\" href=\"#\">\n\t\t\t\t\t\t<span class=\"elementor-button-content-wrapper\">\n\t\t\t\t\t\t\t\t\t<span class=\"elementor-button-text\">CRM<\/span>\n\t\t\t\t\t<\/span>\n\t\t\t\t\t<\/a>\n\t\t\t\t<\/div>\n\t\t\t\t\t\t\t\t<\/div>\n\t\t\t\t<\/div>\n\t\t\t\t<div class=\"elementor-element elementor-element-7223441 elementor-align-left elementor-widget__width-auto elementor-widget elementor-widget-button\" data-id=\"7223441\" data-element_type=\"widget\" data-e-type=\"widget\" data-widget_type=\"button.default\">\n\t\t\t\t<div class=\"elementor-widget-container\">\n\t\t\t\t\t\t\t\t\t<div class=\"elementor-button-wrapper\">\n\t\t\t\t\t<a class=\"elementor-button elementor-button-link elementor-size-sm\" href=\"#\">\n\t\t\t\t\t\t<span class=\"elementor-button-content-wrapper\">\n\t\t\t\t\t\t\t\t\t<span class=\"elementor-button-text\">MERCHANDISING<\/span>\n\t\t\t\t\t<\/span>\n\t\t\t\t\t<\/a>\n\t\t\t\t<\/div>\n\t\t\t\t\t\t\t\t<\/div>\n\t\t\t\t<\/div>\n\t\t\t\t<div class=\"elementor-element elementor-element-4e1f1ef elementor-align-left elementor-widget__width-auto elementor-widget elementor-widget-button\" data-id=\"4e1f1ef\" data-element_type=\"widget\" data-e-type=\"widget\" data-widget_type=\"button.default\">\n\t\t\t\t<div class=\"elementor-widget-container\">\n\t\t\t\t\t\t\t\t\t<div class=\"elementor-button-wrapper\">\n\t\t\t\t\t<a class=\"elementor-button elementor-button-link elementor-size-sm\" href=\"#\">\n\t\t\t\t\t\t<span class=\"elementor-button-content-wrapper\">\n\t\t\t\t\t\t\t\t\t<span class=\"elementor-button-text\">SE\u00d1AL\u00c9TICA<\/span>\n\t\t\t\t\t<\/span>\n\t\t\t\t\t<\/a>\n\t\t\t\t<\/div>\n\t\t\t\t\t\t\t\t<\/div>\n\t\t\t\t<\/div>\n\t\t\t\t<div class=\"elementor-element elementor-element-e8b1dc5 elementor-align-left elementor-widget__width-auto elementor-widget elementor-widget-button\" data-id=\"e8b1dc5\" data-element_type=\"widget\" data-e-type=\"widget\" data-widget_type=\"button.default\">\n\t\t\t\t<div class=\"elementor-widget-container\">\n\t\t\t\t\t\t\t\t\t<div class=\"elementor-button-wrapper\">\n\t\t\t\t\t<a class=\"elementor-button elementor-button-link elementor-size-sm\" href=\"#\">\n\t\t\t\t\t\t<span class=\"elementor-button-content-wrapper\">\n\t\t\t\t\t\t\t\t\t<span class=\"elementor-button-text\">VENUES<\/span>\n\t\t\t\t\t<\/span>\n\t\t\t\t\t<\/a>\n\t\t\t\t<\/div>\n\t\t\t\t\t\t\t\t<\/div>\n\t\t\t\t<\/div>\n\t\t\t\t\t<\/div>\n\t\t<\/div>\n\t\t\t\t\t<\/div>\n\t\t<\/section>\n\t\t\t\t\t<\/div>\n\t\t<\/div>\n\t\t\t\t<div class=\"elementor-column elementor-col-50 elementor-top-column elementor-element elementor-element-102cf21\" data-id=\"102cf21\" data-element_type=\"column\" data-e-type=\"column\">\n\t\t\t<div class=\"elementor-widget-wrap elementor-element-populated\">\n\t\t\t\t\t\t<div class=\"elementor-element elementor-element-dc2276a elementor-widget elementor-widget-image\" data-id=\"dc2276a\" data-element_type=\"widget\" data-e-type=\"widget\" data-widget_type=\"image.default\">\n\t\t\t\t<div class=\"elementor-widget-container\">\n\t\t\t\t\t\t\t\t\t\t\t\t\t\t\t<img fetchpriority=\"high\" decoding=\"async\" width=\"1000\" height=\"1000\" src=\"https:\/\/makingmovies.es\/wp-content\/uploads\/2026\/04\/Golf-100.jpg\" class=\"attachment-large size-large wp-image-3303\" alt=\"\" srcset=\"https:\/\/makingmovies.es\/wp-content\/uploads\/2026\/04\/Golf-100.jpg 1000w, https:\/\/makingmovies.es\/wp-content\/uploads\/2026\/04\/Golf-100-300x300.jpg 300w, https:\/\/makingmovies.es\/wp-content\/uploads\/2026\/04\/Golf-100-150x150.jpg 150w, https:\/\/makingmovies.es\/wp-content\/uploads\/2026\/04\/Golf-100-768x768.jpg 768w\" sizes=\"(max-width: 1000px) 100vw, 1000px\" \/>\t\t\t\t\t\t\t\t\t\t\t\t\t\t\t<\/div>\n\t\t\t\t<\/div>\n\t\t\t\t\t<\/div>\n\t\t<\/div>\n\t\t\t\t\t<\/div>\n\t\t<\/section>\n\t\t\t\t<section class=\"elementor-section elementor-top-section elementor-element elementor-element-1cc2ac1 elementor-section-boxed elementor-section-height-default elementor-section-height-default\" data-id=\"1cc2ac1\" data-element_type=\"section\" data-e-type=\"section\" data-settings=\"{&quot;background_background&quot;:&quot;classic&quot;}\">\n\t\t\t\t\t\t<div class=\"elementor-container elementor-column-gap-default\">\n\t\t\t\t\t<div class=\"elementor-column elementor-col-100 elementor-top-column elementor-element elementor-element-c3f6129\" data-id=\"c3f6129\" data-element_type=\"column\" data-e-type=\"column\">\n\t\t\t<div class=\"elementor-widget-wrap elementor-element-populated\">\n\t\t\t\t\t\t<div class=\"elementor-element elementor-element-8063e73 elementor-widget elementor-widget-spacer\" data-id=\"8063e73\" data-element_type=\"widget\" data-e-type=\"widget\" data-widget_type=\"spacer.default\">\n\t\t\t\t<div class=\"elementor-widget-container\">\n\t\t\t\t\t\t\t<div class=\"elementor-spacer\">\n\t\t\t<div class=\"elementor-spacer-inner\"><\/div>\n\t\t<\/div>\n\t\t\t\t\t\t<\/div>\n\t\t\t\t<\/div>\n\t\t\t\t<div class=\"elementor-element elementor-element-213ffb5 elementor-widget elementor-widget-text-editor\" data-id=\"213ffb5\" data-element_type=\"widget\" data-e-type=\"widget\" data-widget_type=\"text-editor.default\">\n\t\t\t\t<div class=\"elementor-widget-container\">\n\t\t\t\t\t\t\t\t\tDescarga aqu\u00ed nuestra propuesta:\t\t\t\t\t\t\t\t<\/div>\n\t\t\t\t<\/div>\n\t\t\t\t<div class=\"elementor-element elementor-element-a52b31c elementor-align-center elementor-widget elementor-widget-button\" data-id=\"a52b31c\" data-element_type=\"widget\" data-e-type=\"widget\" data-widget_type=\"button.default\">\n\t\t\t\t<div class=\"elementor-widget-container\">\n\t\t\t\t\t\t\t\t\t<div class=\"elementor-button-wrapper\">\n\t\t\t\t\t<a class=\"elementor-button elementor-button-link elementor-size-sm\" href=\"https:\/\/makingmovies.es\/wp-content\/uploads\/2026\/04\/MAKINGMOVIES-2.pdf\" download=\"\">\n\t\t\t\t\t\t<span class=\"elementor-button-content-wrapper\">\n\t\t\t\t\t\t<span class=\"elementor-button-icon\">\n\t\t\t\t<i aria-hidden=\"true\" class=\"far fa-file-pdf\"><\/i>\t\t\t<\/span>\n\t\t\t\t\t\t\t\t\t<span class=\"elementor-button-text\">Descarga nuestro PDF<\/span>\n\t\t\t\t\t<\/span>\n\t\t\t\t\t<\/a>\n\t\t\t\t<\/div>\n\t\t\t\t\t\t\t\t<\/div>\n\t\t\t\t<\/div>\n\t\t\t\t<div class=\"elementor-element elementor-element-134eb39 elementor-widget elementor-widget-spacer\" data-id=\"134eb39\" data-element_type=\"widget\" data-e-type=\"widget\" data-widget_type=\"spacer.default\">\n\t\t\t\t<div class=\"elementor-widget-container\">\n\t\t\t\t\t\t\t<div class=\"elementor-spacer\">\n\t\t\t<div class=\"elementor-spacer-inner\"><\/div>\n\t\t<\/div>\n\t\t\t\t\t\t<\/div>\n\t\t\t\t<\/div>\n\t\t\t\t\t<\/div>\n\t\t<\/div>\n\t\t\t\t\t<\/div>\n\t\t<\/section>\n\t\t\t\t<\/div>","protected":false},"excerpt":{"rendered":"<p>\u201cCuanto m\u00e1s practico, m\u00e1s suerte tengo\u201d La reputaci\u00f3n de un gran club no depende de la suerte. Depende de c\u00f3mo [&hellip;]<\/p>\n","protected":false},"author":5,"featured_media":0,"parent":0,"menu_order":0,"comment_status":"closed","ping_status":"closed","template":"","meta":{"inline_featured_image":false,"site-sidebar-layout":"no-sidebar","site-content-layout":"","ast-site-content-layout":"full-width-container","site-content-style":"default","site-sidebar-style":"default","ast-global-header-display":"","ast-banner-title-visibility":"","ast-main-header-display":"","ast-hfb-above-header-display":"","ast-hfb-below-header-display":"","ast-hfb-mobile-header-display":"","site-post-title":"disabled","ast-breadcrumbs-content":"","ast-featured-img":"disabled","footer-sml-layout":"","ast-disable-related-posts":"","theme-transparent-header-meta":"","adv-header-id-meta":"","stick-header-meta":"","header-above-stick-meta":"","header-main-stick-meta":"","header-below-stick-meta":"","astra-migrate-meta-layouts":"default","ast-page-background-enabled":"default","ast-page-background-meta":{"desktop":{"background-color":"var(--ast-global-color-5)","background-image":"","background-repeat":"repeat","background-position":"center center","background-size":"auto","background-attachment":"scroll","background-type":"","background-media":"","overlay-type":"","overlay-color":"","overlay-opacity":"","overlay-gradient":""},"tablet":{"background-color":"","background-image":"","background-repeat":"repeat","background-position":"center center","background-size":"auto","background-attachment":"scroll","background-type":"","background-media":"","overlay-type":"","overlay-color":"","overlay-opacity":"","overlay-gradient":""},"mobile":{"background-color":"","background-image":"","background-repeat":"repeat","background-position":"center center","background-size":"auto","background-attachment":"scroll","background-type":"","background-media":"","overlay-type":"","overlay-color":"","overlay-opacity":"","overlay-gradient":""}},"ast-content-background-meta":{"desktop":{"background-color":"var(--ast-global-color-4)","background-image":"","background-repeat":"repeat","background-position":"center center","background-size":"auto","background-attachment":"scroll","background-type":"","background-media":"","overlay-type":"","overlay-color":"","overlay-opacity":"","overlay-gradient":""},"tablet":{"background-color":"var(--ast-global-color-4)","background-image":"","background-repeat":"repeat","background-position":"center center","background-size":"auto","background-attachment":"scroll","background-type":"","background-media":"","overlay-type":"","overlay-color":"","overlay-opacity":"","overlay-gradient":""},"mobile":{"background-color":"var(--ast-global-color-4)","background-image":"","background-repeat":"repeat","background-position":"center center","background-size":"auto","background-attachment":"scroll","background-type":"","background-media":"","overlay-type":"","overlay-color":"","overlay-opacity":"","overlay-gradient":""}},"footnotes":""},"class_list":["post-3301","page","type-page","status-publish","hentry"],"yoast_head":"<!-- This site is optimized with the Yoast SEO plugin v27.4 - https:\/\/yoast.com\/product\/yoast-seo-wordpress\/ -->\n<title>Golf - Making Movies<\/title>\n<meta name=\"robots\" content=\"index, follow, max-snippet:-1, max-image-preview:large, max-video-preview:-1\" \/>\n<link rel=\"canonical\" href=\"https:\/\/makingmovies.es\/es\/golf\/\" \/>\n<meta property=\"og:locale\" content=\"es_ES\" \/>\n<meta property=\"og:type\" content=\"article\" \/>\n<meta property=\"og:title\" content=\"Golf - Making Movies\" \/>\n<meta property=\"og:description\" content=\"\u201cCuanto m\u00e1s practico, m\u00e1s suerte tengo\u201d La reputaci\u00f3n de un gran club no depende de la suerte. Depende de c\u00f3mo [&hellip;]\" \/>\n<meta property=\"og:url\" content=\"https:\/\/makingmovies.es\/es\/golf\/\" \/>\n<meta property=\"og:site_name\" content=\"Making Movies\" \/>\n<meta property=\"article:modified_time\" content=\"2026-04-06T08:17:58+00:00\" \/>\n<meta property=\"og:image\" content=\"https:\/\/makingmovies.es\/wp-content\/uploads\/2026\/04\/Golf-100.jpg\" \/>\n\t<meta property=\"og:image:width\" content=\"1000\" \/>\n\t<meta property=\"og:image:height\" content=\"1000\" \/>\n\t<meta property=\"og:image:type\" content=\"image\/jpeg\" \/>\n<meta name=\"twitter:card\" content=\"summary_large_image\" \/>\n<meta name=\"twitter:label1\" content=\"Tiempo de lectura\" \/>\n\t<meta name=\"twitter:data1\" content=\"1 minuto\" \/>\n<script type=\"application\/ld+json\" class=\"yoast-schema-graph\">{\"@context\":\"https:\\\/\\\/schema.org\",\"@graph\":[{\"@type\":\"WebPage\",\"@id\":\"https:\\\/\\\/makingmovies.es\\\/golf\",\"url\":\"https:\\\/\\\/makingmovies.es\\\/golf\",\"name\":\"Golf - Making Movies\",\"isPartOf\":{\"@id\":\"https:\\\/\\\/makingmovies.es\\\/#website\"},\"primaryImageOfPage\":{\"@id\":\"https:\\\/\\\/makingmovies.es\\\/golf#primaryimage\"},\"image\":{\"@id\":\"https:\\\/\\\/makingmovies.es\\\/golf#primaryimage\"},\"thumbnailUrl\":\"https:\\\/\\\/makingmovies.es\\\/wp-content\\\/uploads\\\/2026\\\/04\\\/Golf-100.jpg\",\"datePublished\":\"2026-04-06T07:58:42+00:00\",\"dateModified\":\"2026-04-06T08:17:58+00:00\",\"breadcrumb\":{\"@id\":\"https:\\\/\\\/makingmovies.es\\\/golf#breadcrumb\"},\"inLanguage\":\"es\",\"potentialAction\":[{\"@type\":\"ReadAction\",\"target\":[\"https:\\\/\\\/makingmovies.es\\\/golf\"]}]},{\"@type\":\"ImageObject\",\"inLanguage\":\"es\",\"@id\":\"https:\\\/\\\/makingmovies.es\\\/golf#primaryimage\",\"url\":\"https:\\\/\\\/makingmovies.es\\\/wp-content\\\/uploads\\\/2026\\\/04\\\/Golf-100.jpg\",\"contentUrl\":\"https:\\\/\\\/makingmovies.es\\\/wp-content\\\/uploads\\\/2026\\\/04\\\/Golf-100.jpg\"},{\"@type\":\"BreadcrumbList\",\"@id\":\"https:\\\/\\\/makingmovies.es\\\/golf#breadcrumb\",\"itemListElement\":[{\"@type\":\"ListItem\",\"position\":1,\"name\":\"Portada\",\"item\":\"https:\\\/\\\/makingmovies.es\\\/\"},{\"@type\":\"ListItem\",\"position\":2,\"name\":\"Golf\"}]},{\"@type\":\"WebSite\",\"@id\":\"https:\\\/\\\/makingmovies.es\\\/#website\",\"url\":\"https:\\\/\\\/makingmovies.es\\\/\",\"name\":\"Making Movies\",\"description\":\"Los eventos son ef\u00edmeros. Las emociones no.\",\"publisher\":{\"@id\":\"https:\\\/\\\/makingmovies.es\\\/#organization\"},\"potentialAction\":[{\"@type\":\"SearchAction\",\"target\":{\"@type\":\"EntryPoint\",\"urlTemplate\":\"https:\\\/\\\/makingmovies.es\\\/?s={search_term_string}\"},\"query-input\":{\"@type\":\"PropertyValueSpecification\",\"valueRequired\":true,\"valueName\":\"search_term_string\"}}],\"inLanguage\":\"es\"},{\"@type\":\"Organization\",\"@id\":\"https:\\\/\\\/makingmovies.es\\\/#organization\",\"name\":\"Making Movies\",\"url\":\"https:\\\/\\\/makingmovies.es\\\/\",\"logo\":{\"@type\":\"ImageObject\",\"inLanguage\":\"es\",\"@id\":\"https:\\\/\\\/makingmovies.es\\\/#\\\/schema\\\/logo\\\/image\\\/\",\"url\":\"https:\\\/\\\/makingmovies.es\\\/wp-content\\\/uploads\\\/2026\\\/01\\\/Logo-Cristal-1024x1024.png\",\"contentUrl\":\"https:\\\/\\\/makingmovies.es\\\/wp-content\\\/uploads\\\/2026\\\/01\\\/Logo-Cristal-1024x1024.png\",\"width\":1024,\"height\":1024,\"caption\":\"Making Movies\"},\"image\":{\"@id\":\"https:\\\/\\\/makingmovies.es\\\/#\\\/schema\\\/logo\\\/image\\\/\"}}]}<\/script>\n<!-- \/ Yoast SEO plugin. -->","yoast_head_json":{"title":"Golf - Making Movies","robots":{"index":"index","follow":"follow","max-snippet":"max-snippet:-1","max-image-preview":"max-image-preview:large","max-video-preview":"max-video-preview:-1"},"canonical":"https:\/\/makingmovies.es\/es\/golf\/","og_locale":"es_ES","og_type":"article","og_title":"Golf - Making Movies","og_description":"\u201cCuanto m\u00e1s practico, m\u00e1s suerte tengo\u201d La reputaci\u00f3n de un gran club no depende de la suerte. Depende de c\u00f3mo [&hellip;]","og_url":"https:\/\/makingmovies.es\/es\/golf\/","og_site_name":"Making Movies","article_modified_time":"2026-04-06T08:17:58+00:00","og_image":[{"width":1000,"height":1000,"url":"https:\/\/makingmovies.es\/wp-content\/uploads\/2026\/04\/Golf-100.jpg","type":"image\/jpeg"}],"twitter_card":"summary_large_image","twitter_misc":{"Tiempo de lectura":"1 minuto"},"schema":{"@context":"https:\/\/schema.org","@graph":[{"@type":"WebPage","@id":"https:\/\/makingmovies.es\/golf","url":"https:\/\/makingmovies.es\/golf","name":"Golf - Making Movies","isPartOf":{"@id":"https:\/\/makingmovies.es\/#website"},"primaryImageOfPage":{"@id":"https:\/\/makingmovies.es\/golf#primaryimage"},"image":{"@id":"https:\/\/makingmovies.es\/golf#primaryimage"},"thumbnailUrl":"https:\/\/makingmovies.es\/wp-content\/uploads\/2026\/04\/Golf-100.jpg","datePublished":"2026-04-06T07:58:42+00:00","dateModified":"2026-04-06T08:17:58+00:00","breadcrumb":{"@id":"https:\/\/makingmovies.es\/golf#breadcrumb"},"inLanguage":"es","potentialAction":[{"@type":"ReadAction","target":["https:\/\/makingmovies.es\/golf"]}]},{"@type":"ImageObject","inLanguage":"es","@id":"https:\/\/makingmovies.es\/golf#primaryimage","url":"https:\/\/makingmovies.es\/wp-content\/uploads\/2026\/04\/Golf-100.jpg","contentUrl":"https:\/\/makingmovies.es\/wp-content\/uploads\/2026\/04\/Golf-100.jpg"},{"@type":"BreadcrumbList","@id":"https:\/\/makingmovies.es\/golf#breadcrumb","itemListElement":[{"@type":"ListItem","position":1,"name":"Portada","item":"https:\/\/makingmovies.es\/"},{"@type":"ListItem","position":2,"name":"Golf"}]},{"@type":"WebSite","@id":"https:\/\/makingmovies.es\/#website","url":"https:\/\/makingmovies.es\/","name":"Making Movies","description":"Los eventos son ef\u00edmeros. Las emociones no.","publisher":{"@id":"https:\/\/makingmovies.es\/#organization"},"potentialAction":[{"@type":"SearchAction","target":{"@type":"EntryPoint","urlTemplate":"https:\/\/makingmovies.es\/?s={search_term_string}"},"query-input":{"@type":"PropertyValueSpecification","valueRequired":true,"valueName":"search_term_string"}}],"inLanguage":"es"},{"@type":"Organization","@id":"https:\/\/makingmovies.es\/#organization","name":"Making Movies","url":"https:\/\/makingmovies.es\/","logo":{"@type":"ImageObject","inLanguage":"es","@id":"https:\/\/makingmovies.es\/#\/schema\/logo\/image\/","url":"https:\/\/makingmovies.es\/wp-content\/uploads\/2026\/01\/Logo-Cristal-1024x1024.png","contentUrl":"https:\/\/makingmovies.es\/wp-content\/uploads\/2026\/01\/Logo-Cristal-1024x1024.png","width":1024,"height":1024,"caption":"Making Movies"},"image":{"@id":"https:\/\/makingmovies.es\/#\/schema\/logo\/image\/"}}]}},"_links":{"self":[{"href":"https:\/\/makingmovies.es\/es\/wp-json\/wp\/v2\/pages\/3301","targetHints":{"allow":["GET"]}}],"collection":[{"href":"https:\/\/makingmovies.es\/es\/wp-json\/wp\/v2\/pages"}],"about":[{"href":"https:\/\/makingmovies.es\/es\/wp-json\/wp\/v2\/types\/page"}],"author":[{"embeddable":true,"href":"https:\/\/makingmovies.es\/es\/wp-json\/wp\/v2\/users\/5"}],"replies":[{"embeddable":true,"href":"https:\/\/makingmovies.es\/es\/wp-json\/wp\/v2\/comments?post=3301"}],"version-history":[{"count":10,"href":"https:\/\/makingmovies.es\/es\/wp-json\/wp\/v2\/pages\/3301\/revisions"}],"predecessor-version":[{"id":3313,"href":"https:\/\/makingmovies.es\/es\/wp-json\/wp\/v2\/pages\/3301\/revisions\/3313"}],"wp:attachment":[{"href":"https:\/\/makingmovies.es\/es\/wp-json\/wp\/v2\/media?parent=3301"}],"curies":[{"name":"wp","href":"https:\/\/api.w.org\/{rel}","templated":true}]}}