{"id":2140,"date":"2022-10-12T11:04:22","date_gmt":"2022-10-12T11:04:22","guid":{"rendered":"https:\/\/makingmovies.es\/?page_id=2140"},"modified":"2022-10-12T15:28:26","modified_gmt":"2022-10-12T15:28:26","slug":"aviso-legal","status":"publish","type":"page","link":"https:\/\/makingmovies.es\/es\/aviso-legal","title":{"rendered":"Aviso legal"},"content":{"rendered":"<p>The Crab Company SL<\/p>\n\n\n\n<p>B86070026<\/p>\n\n\n\n<p>C\/ Conde De Vilches 29 2\u00ba J &#8211; Derecha \u00a028028\u00a0 &#8211; Madrid<\/p>\n\n\n\n<p>Mail: <a href=\"\/es\/alvaro@makingmovies.es\/\">alvaro@makingmovies.es<\/a><\/p>\n\n\n\n<p><br>En adelante, MAKING MOVIES\u00ae.<\/p>\n\n\n\n<p>Rogamos lea atentamente esta informaci\u00f3n y condiciones de uso antes de utilizar esta p\u00e1gina. El acceso a esta p\u00e1gina y su utilizaci\u00f3n supone la plena aceptaci\u00f3n de estas condiciones. Si usted como usuario no desea aceptarlas deber\u00e1 abandonar la p\u00e1gina de forma inmediata.<\/p>\n\n\n\n<p>Las cl\u00e1usulas a continuaci\u00f3n mencionadas rigen los t\u00e9rminos, condiciones y pol\u00edtica de privacidad del presente web site.<\/p>\n\n\n\n<p>El acceso a este web site es responsabilidad exclusiva de los usuarios. El simple acceso a este web site no supone entablar ning\u00fan tipo de relaci\u00f3n de car\u00e1cter comercial con el usuario.<\/p>\n\n\n\n<p>El acceso y navegaci\u00f3n en este web site supone aceptar y conocer las advertencias legales, condiciones y t\u00e9rminos de uso contenidas en ella.<\/p>\n\n\n\n<p><strong>Actualidad.<\/strong><\/p>\n\n\n\n<p>La informaci\u00f3n que aparece en este web site es la vigente en la fecha de su \u00faltima actualizaci\u00f3n. MAKING MOVIES\u00ae se reserva el derecho a actualizar, modificar o eliminar la informaci\u00f3n de este web site.<\/p>\n\n\n\n<p><strong>Modificaci\u00f3n de la informaci\u00f3n.<\/strong><\/p>\n\n\n\n<p>No se podr\u00e1 alterar, cambiar, modificar o adaptar este web site. Los cambios relativos a estas condiciones realizados por MAKING MOVIES\u00ae se notificar\u00e1n oportunamente.<\/p>\n\n\n\n<p><strong>Contenidos.<\/strong><\/p>\n\n\n\n<p>El sitio web contiene informaci\u00f3n relativa a los productos y servicios de MAKING MOVIES\u00ae.<\/p>\n\n\n\n<p>Fin exclusivamente informativo.<\/p>\n\n\n\n<p>Toda la informaci\u00f3n incluida en este sitio tiene fines exclusivamente informativos.<\/p>\n\n\n\n<p><strong>Links en el web site.<\/strong><\/p>\n\n\n\n<p>MAKING MOVIES\u00ae no se responsabiliza en modo alguno de aquellos contenidos, actividades comerciales, productos y servicios incluidos que pudiesen visualizarse mediante enlaces electr\u00f3nicos (links), directa o indirectamente, a trav\u00e9s de este web site.<\/p>\n\n\n\n<p>La presencia de links en el web site, salvo manifestaci\u00f3n expresa en contrario, tiene una finalidad meramente informativa y en ning\u00fan caso supone sugerencia, invitaci\u00f3n o recomendaci\u00f3n sobre los mismos. Estos enlaces no representan ning\u00fan tipo de relaci\u00f3n entre BlueShield49\u00ae y los particulares o empresas titulares de los web site a los que puede accederse mediante estos enlaces.<\/p>\n\n\n\n<p>MAKING MOVIES\u00ae se reserva el derecho de retirar de modo unilateral y en cualquier momento los links que aparecen en su web site.<\/p>\n\n\n\n<p><strong>Navegaci\u00f3n, acceso y seguridad.<\/strong><\/p>\n\n\n\n<p>El acceso y navegaci\u00f3n en este web site supone aceptar y conocer las advertencias legales, condiciones y t\u00e9rminos de uso contenidas en ella. MAKING MOVIES\u00ae realiza los m\u00e1ximos esfuerzos para que la navegaci\u00f3n se realice en las mejores condiciones y evitar los perjuicios de cualquier tipo que pudiesen ocasionarse durante la misma.<\/p>\n\n\n\n<p>El acceso a este web site se realiza en un entorno no seguro, por lo que la informaci\u00f3n se transmite de forma no cifrada.<\/p>\n\n\n\n<p><strong>Propiedad intelectual.<\/strong><\/p>\n\n\n\n<p>Toda la informaci\u00f3n contenida en esta p\u00e1gina web, as\u00ed como su dise\u00f1o gr\u00e1fico y los c\u00f3digos utilizados, est\u00e1n protegidos por derechos de autor u otros derechos de protecci\u00f3n recogidos en el Real Decreto Legislativo 1\/1996, de 12 de abril, por el que se aprueba el Texto Refundido de la Ley de Propiedad Intelectual. Estos derechos pertenecen exclusivamente a MAKING MOVIES\u00ae o a sus licenciantes, por lo tanto, queda expresamente prohibido cualquier acto de reproducci\u00f3n, distribuci\u00f3n, transformaci\u00f3n o comunicaci\u00f3n p\u00fablica; cualquier tipo de cesi\u00f3n, del todo o parte del contenido de este sitio, y en general de cualquier objeto que seg\u00fan la legislaci\u00f3n vigente sea protegible por las normas de propiedad intelectual.<\/p>\n\n\n\n<p>El contenido de esta p\u00e1gina no debe ser utilizado para difusi\u00f3n p\u00fablica o con fines comerciales, y no debe ser modificado sin el previo consentimiento escrito de MAKING MOVIES\u00ae.<\/p>\n\n\n\n<p><strong>Marcas registradas.<\/strong><\/p>\n\n\n\n<p>Todas las marcas, logotipos y anagramas mostrados en este sitio son propiedad de MAKING MOVIES\u00ae o de terceras empresas. Queda expresamente prohibida la utilizaci\u00f3n sin previo consentimiento, de cualquier elemento de esta p\u00e1gina web que sea objeto de protecci\u00f3n de acuerdo con la legislaci\u00f3n vigente relativa a propiedad industrial. Especialmente, no podr\u00e1n utilizarse marcas, nombres comerciales, r\u00f3tulos de establecimientos; denominaciones; logotipos; esl\u00f3ganes o cualquier tipo de signo distintivo perteneciente al titular.<\/p>\n\n\n\n<p><strong>Acciones judiciales.<\/strong><\/p>\n\n\n\n<p>MAKING MOVIES\u00ae se reserva la posibilidad de ejercer las acciones judiciales que correspondan contra los usuarios que violen o infrinjan los derechos de propiedad intelectual e industrial.<\/p>","protected":false},"excerpt":{"rendered":"<p>The Crab Company SL B86070026 C\/ Conde De Vilches 29 2\u00ba J &#8211; Derecha \u00a028028\u00a0 &#8211; Madrid Mail: alvaro@makingmovies.es En [&hellip;]<\/p>\n","protected":false},"author":1,"featured_media":0,"parent":0,"menu_order":0,"comment_status":"closed","ping_status":"closed","template":"","meta":{"inline_featured_image":false,"site-sidebar-layout":"default","site-content-layout":"","ast-site-content-layout":"default","site-content-style":"default","site-sidebar-style":"default","ast-global-header-display":"","ast-banner-title-visibility":"","ast-main-header-display":"","ast-hfb-above-header-display":"","ast-hfb-below-header-display":"","ast-hfb-mobile-header-display":"","site-post-title":"","ast-breadcrumbs-content":"","ast-featured-img":"","footer-sml-layout":"","ast-disable-related-posts":"","theme-transparent-header-meta":"","adv-header-id-meta":"","stick-header-meta":"","header-above-stick-meta":"","header-main-stick-meta":"","header-below-stick-meta":"","astra-migrate-meta-layouts":"default","ast-page-background-enabled":"default","ast-page-background-meta":{"desktop":{"background-color":"var(--ast-global-color-5)","background-image":"","background-repeat":"repeat","background-position":"center center","background-size":"auto","background-attachment":"scroll","background-type":"","background-media":"","overlay-type":"","overlay-color":"","overlay-opacity":"","overlay-gradient":""},"tablet":{"background-color":"","background-image":"","background-repeat":"repeat","background-position":"center center","background-size":"auto","background-attachment":"scroll","background-type":"","background-media":"","overlay-type":"","overlay-color":"","overlay-opacity":"","overlay-gradient":""},"mobile":{"background-color":"","background-image":"","background-repeat":"repeat","background-position":"center center","background-size":"auto","background-attachment":"scroll","background-type":"","background-media":"","overlay-type":"","overlay-color":"","overlay-opacity":"","overlay-gradient":""}},"ast-content-background-meta":{"desktop":{"background-color":"var(--ast-global-color-4)","background-image":"","background-repeat":"repeat","background-position":"center center","background-size":"auto","background-attachment":"scroll","background-type":"","background-media":"","overlay-type":"","overlay-color":"","overlay-opacity":"","overlay-gradient":""},"tablet":{"background-color":"var(--ast-global-color-4)","background-image":"","background-repeat":"repeat","background-position":"center center","background-size":"auto","background-attachment":"scroll","background-type":"","background-media":"","overlay-type":"","overlay-color":"","overlay-opacity":"","overlay-gradient":""},"mobile":{"background-color":"var(--ast-global-color-4)","background-image":"","background-repeat":"repeat","background-position":"center center","background-size":"auto","background-attachment":"scroll","background-type":"","background-media":"","overlay-type":"","overlay-color":"","overlay-opacity":"","overlay-gradient":""}},"footnotes":""},"class_list":["post-2140","page","type-page","status-publish","hentry"],"yoast_head":"<!-- This site is optimized with the Yoast SEO plugin v27.4 - https:\/\/yoast.com\/product\/yoast-seo-wordpress\/ -->\n<title>Aviso legal - Making Movies<\/title>\n<meta name=\"robots\" content=\"index, follow, max-snippet:-1, max-image-preview:large, max-video-preview:-1\" \/>\n<link rel=\"canonical\" href=\"https:\/\/makingmovies.es\/es\/aviso-legal\/\" \/>\n<meta property=\"og:locale\" content=\"es_ES\" \/>\n<meta property=\"og:type\" content=\"article\" \/>\n<meta property=\"og:title\" content=\"Aviso legal - Making Movies\" \/>\n<meta property=\"og:description\" content=\"The Crab Company SL B86070026 C\/ Conde De Vilches 29 2\u00ba J &#8211; Derecha \u00a028028\u00a0 &#8211; Madrid Mail: alvaro@makingmovies.es En [&hellip;]\" \/>\n<meta property=\"og:url\" content=\"https:\/\/makingmovies.es\/es\/aviso-legal\/\" \/>\n<meta property=\"og:site_name\" content=\"Making Movies\" \/>\n<meta property=\"article:modified_time\" content=\"2022-10-12T15:28:26+00:00\" \/>\n<meta name=\"twitter:card\" content=\"summary_large_image\" \/>\n<meta name=\"twitter:label1\" content=\"Tiempo de lectura\" \/>\n\t<meta name=\"twitter:data1\" content=\"4 minutos\" \/>\n<script type=\"application\/ld+json\" class=\"yoast-schema-graph\">{\"@context\":\"https:\\\/\\\/schema.org\",\"@graph\":[{\"@type\":\"WebPage\",\"@id\":\"https:\\\/\\\/makingmovies.es\\\/aviso-legal\",\"url\":\"https:\\\/\\\/makingmovies.es\\\/aviso-legal\",\"name\":\"Aviso legal - Making Movies\",\"isPartOf\":{\"@id\":\"https:\\\/\\\/makingmovies.es\\\/#website\"},\"datePublished\":\"2022-10-12T11:04:22+00:00\",\"dateModified\":\"2022-10-12T15:28:26+00:00\",\"breadcrumb\":{\"@id\":\"https:\\\/\\\/makingmovies.es\\\/aviso-legal#breadcrumb\"},\"inLanguage\":\"es\",\"potentialAction\":[{\"@type\":\"ReadAction\",\"target\":[\"https:\\\/\\\/makingmovies.es\\\/aviso-legal\"]}]},{\"@type\":\"BreadcrumbList\",\"@id\":\"https:\\\/\\\/makingmovies.es\\\/aviso-legal#breadcrumb\",\"itemListElement\":[{\"@type\":\"ListItem\",\"position\":1,\"name\":\"Portada\",\"item\":\"https:\\\/\\\/makingmovies.es\\\/\"},{\"@type\":\"ListItem\",\"position\":2,\"name\":\"Aviso legal\"}]},{\"@type\":\"WebSite\",\"@id\":\"https:\\\/\\\/makingmovies.es\\\/#website\",\"url\":\"https:\\\/\\\/makingmovies.es\\\/\",\"name\":\"Making Movies\",\"description\":\"Los eventos son ef\u00edmeros. Las emociones no.\",\"publisher\":{\"@id\":\"https:\\\/\\\/makingmovies.es\\\/#organization\"},\"potentialAction\":[{\"@type\":\"SearchAction\",\"target\":{\"@type\":\"EntryPoint\",\"urlTemplate\":\"https:\\\/\\\/makingmovies.es\\\/?s={search_term_string}\"},\"query-input\":{\"@type\":\"PropertyValueSpecification\",\"valueRequired\":true,\"valueName\":\"search_term_string\"}}],\"inLanguage\":\"es\"},{\"@type\":\"Organization\",\"@id\":\"https:\\\/\\\/makingmovies.es\\\/#organization\",\"name\":\"Making Movies\",\"url\":\"https:\\\/\\\/makingmovies.es\\\/\",\"logo\":{\"@type\":\"ImageObject\",\"inLanguage\":\"es\",\"@id\":\"https:\\\/\\\/makingmovies.es\\\/#\\\/schema\\\/logo\\\/image\\\/\",\"url\":\"https:\\\/\\\/makingmovies.es\\\/wp-content\\\/uploads\\\/2026\\\/01\\\/Logo-Cristal-1024x1024.png\",\"contentUrl\":\"https:\\\/\\\/makingmovies.es\\\/wp-content\\\/uploads\\\/2026\\\/01\\\/Logo-Cristal-1024x1024.png\",\"width\":1024,\"height\":1024,\"caption\":\"Making Movies\"},\"image\":{\"@id\":\"https:\\\/\\\/makingmovies.es\\\/#\\\/schema\\\/logo\\\/image\\\/\"}}]}<\/script>\n<!-- \/ Yoast SEO plugin. -->","yoast_head_json":{"title":"Aviso legal - Making Movies","robots":{"index":"index","follow":"follow","max-snippet":"max-snippet:-1","max-image-preview":"max-image-preview:large","max-video-preview":"max-video-preview:-1"},"canonical":"https:\/\/makingmovies.es\/es\/aviso-legal\/","og_locale":"es_ES","og_type":"article","og_title":"Aviso legal - Making Movies","og_description":"The Crab Company SL B86070026 C\/ Conde De Vilches 29 2\u00ba J &#8211; Derecha \u00a028028\u00a0 &#8211; Madrid Mail: alvaro@makingmovies.es En [&hellip;]","og_url":"https:\/\/makingmovies.es\/es\/aviso-legal\/","og_site_name":"Making Movies","article_modified_time":"2022-10-12T15:28:26+00:00","twitter_card":"summary_large_image","twitter_misc":{"Tiempo de lectura":"4 minutos"},"schema":{"@context":"https:\/\/schema.org","@graph":[{"@type":"WebPage","@id":"https:\/\/makingmovies.es\/aviso-legal","url":"https:\/\/makingmovies.es\/aviso-legal","name":"Aviso legal - Making Movies","isPartOf":{"@id":"https:\/\/makingmovies.es\/#website"},"datePublished":"2022-10-12T11:04:22+00:00","dateModified":"2022-10-12T15:28:26+00:00","breadcrumb":{"@id":"https:\/\/makingmovies.es\/aviso-legal#breadcrumb"},"inLanguage":"es","potentialAction":[{"@type":"ReadAction","target":["https:\/\/makingmovies.es\/aviso-legal"]}]},{"@type":"BreadcrumbList","@id":"https:\/\/makingmovies.es\/aviso-legal#breadcrumb","itemListElement":[{"@type":"ListItem","position":1,"name":"Portada","item":"https:\/\/makingmovies.es\/"},{"@type":"ListItem","position":2,"name":"Aviso legal"}]},{"@type":"WebSite","@id":"https:\/\/makingmovies.es\/#website","url":"https:\/\/makingmovies.es\/","name":"Making Movies","description":"Los eventos son ef\u00edmeros. Las emociones no.","publisher":{"@id":"https:\/\/makingmovies.es\/#organization"},"potentialAction":[{"@type":"SearchAction","target":{"@type":"EntryPoint","urlTemplate":"https:\/\/makingmovies.es\/?s={search_term_string}"},"query-input":{"@type":"PropertyValueSpecification","valueRequired":true,"valueName":"search_term_string"}}],"inLanguage":"es"},{"@type":"Organization","@id":"https:\/\/makingmovies.es\/#organization","name":"Making Movies","url":"https:\/\/makingmovies.es\/","logo":{"@type":"ImageObject","inLanguage":"es","@id":"https:\/\/makingmovies.es\/#\/schema\/logo\/image\/","url":"https:\/\/makingmovies.es\/wp-content\/uploads\/2026\/01\/Logo-Cristal-1024x1024.png","contentUrl":"https:\/\/makingmovies.es\/wp-content\/uploads\/2026\/01\/Logo-Cristal-1024x1024.png","width":1024,"height":1024,"caption":"Making Movies"},"image":{"@id":"https:\/\/makingmovies.es\/#\/schema\/logo\/image\/"}}]}},"_links":{"self":[{"href":"https:\/\/makingmovies.es\/es\/wp-json\/wp\/v2\/pages\/2140","targetHints":{"allow":["GET"]}}],"collection":[{"href":"https:\/\/makingmovies.es\/es\/wp-json\/wp\/v2\/pages"}],"about":[{"href":"https:\/\/makingmovies.es\/es\/wp-json\/wp\/v2\/types\/page"}],"author":[{"embeddable":true,"href":"https:\/\/makingmovies.es\/es\/wp-json\/wp\/v2\/users\/1"}],"replies":[{"embeddable":true,"href":"https:\/\/makingmovies.es\/es\/wp-json\/wp\/v2\/comments?post=2140"}],"version-history":[{"count":2,"href":"https:\/\/makingmovies.es\/es\/wp-json\/wp\/v2\/pages\/2140\/revisions"}],"predecessor-version":[{"id":2164,"href":"https:\/\/makingmovies.es\/es\/wp-json\/wp\/v2\/pages\/2140\/revisions\/2164"}],"wp:attachment":[{"href":"https:\/\/makingmovies.es\/es\/wp-json\/wp\/v2\/media?parent=2140"}],"curies":[{"name":"wp","href":"https:\/\/api.w.org\/{rel}","templated":true}]}}